{"id":10,"date":"2020-08-27T06:44:10","date_gmt":"2020-08-27T06:44:10","guid":{"rendered":"https:\/\/www.gioia-podologie.ch\/?page_id=10"},"modified":"2026-03-30T11:38:25","modified_gmt":"2026-03-30T09:38:25","slug":"podologische-behandlung","status":"publish","type":"page","link":"https:\/\/www.gioia-podologie.ch\/index.php\/podologische-behandlung\/","title":{"rendered":"Podologische Behandlungen"},"content":{"rendered":"\n<p class=\"has-text-align-center\"><strong>&#8211; Spezialisiert auf Diabetisches Fusssyndrom<\/strong><br><br><strong>&#8211; Eingewachsene N\u00e4gel <\/strong><br><em>der Nagel verletzt die Haut im Nagelfalz, dieser kann sich entz\u00fcnden<\/em><br><br><strong>&#8211; Verdickte N\u00e4gel, auch mit Nagelpilz (Onychomykose)<\/strong><br><em>k\u00f6nnen d\u00fcnner geschliffen werden (verbessert die Wirkung der Pilzbehandlung)<\/em><br><strong><br>&#8211; Druckstellen, Hornhaut (Hyperkeratosen) <\/strong><br><em>werden mit Skalpelltechnik abgetragen<\/em><br><strong><br>&#8211; H\u00fchneraugen (Clavi)<\/strong><br><em>bestehen aus Hornhaut, diese schichten sich bei zu viel Druck nadelf\u00f6rmig in die Tiefe, diese k\u00f6nnen entfernt werden.<\/em><br><br><strong>&#8211; Haut-Risse (Schrunden\/Rhagaden) <\/strong><br><em>entstehen durch zu trockene Haut, h\u00e4ufig in Kombination mit viel Hornhaut.<\/em><\/p>\n\n\n\n<p class=\"has-text-align-center\"><strong>&#8211; Beratung <\/strong><br><em>schmerzende F\u00fcsse, Passform der Schuhe und weitere Probleme rund um die Gesundheit Ihrer F\u00fcsse<\/em><br><br><br>&#8211;<strong> Spangentechnik <\/strong><em>(<a rel=\"noreferrer noopener\" href=\"https:\/\/www.gioia-podologie.ch\/wp-content\/uploads\/2020\/08\/Orthonyxie-Flyer.pdf\" target=\"_blank\">Flyer Orthonyxie<\/a>)<\/em><\/p>\n\n\n\n<p class=\"has-text-align-center\"><strong>&#8211; Teil-Nagel-Prothetik<\/strong> <em>(<a href=\"https:\/\/www.gioia-podologie.ch\/wp-content\/uploads\/2020\/08\/TNP-Flyer.pdf\" data-type=\"URL\" data-id=\"https:\/\/www.gioia-podologie.ch\/wp-content\/uploads\/2020\/08\/TNP-Flyer.pdf\" target=\"_blank\" rel=\"noreferrer noopener\">Flyer TNP<\/a>)<\/em><\/p>\n\n\n\n<p class=\"has-text-align-center\"><strong>&#8211; Zehen-Orthese<\/strong> (<a rel=\"noreferrer noopener\" href=\"https:\/\/www.gioia-podologie.ch\/wp-content\/uploads\/2020\/08\/Orthese-Flyer.pdf\" data-type=\"URL\" data-id=\"https:\/\/www.gioia-podologie.ch\/wp-content\/uploads\/2020\/08\/Orthese-Flyer.pdf\" target=\"_blank\"><em>Flyer Orthese<\/em><\/a>)<\/p>\n\n\n\n<div style=\"height:30px\" aria-hidden=\"true\" class=\"wp-block-spacer\"><\/div>\n\n\n\n<h2 class=\"wp-block-heading has-text-align-center\" id=\"terminvereinbarung-online-unter-https-booking-epat-ch-gioia-podologie-booking\" style=\"font-size:24px\"><strong>Terminvereinbarung Online unter:<\/strong><br><a href=\"https:\/\/booking.epat.ch\/gioia-podologie\/booking\">https:\/\/booking.epat.ch\/gioia-podologie\/booking<\/a> <\/h2>\n\n\n\n<div style=\"height:30px\" aria-hidden=\"true\" class=\"wp-block-spacer\"><\/div>\n\n\n\n<p class=\"has-text-align-center\">Die Behandlungspreise k\u00f6nnen gerne im Voraus angefragt werden und sind an die <a href=\"https:\/\/www.podologie.swiss\/wp-content\/uploads\/2020\/10\/spv_preisempfehlungen_ab_01-01-20.pdf\">Preisempfehlungen<\/a> des SPV angelehnt.<\/p>\n\n\n\n<p><\/p>\n","protected":false},"excerpt":{"rendered":"<p>&#8211; Spezialisiert auf Diabetisches Fusssyndrom &#8211; Eingewachsene N\u00e4gel der Nagel verletzt die Haut im Nagelfalz, dieser kann sich entz\u00fcnden &#8211; Verdickte N\u00e4gel, auch mit Nagelpilz (Onychomykose)k\u00f6nnen d\u00fcnner geschliffen werden (verbessert die Wirkung der Pilzbehandlung)&#8211; Druckstellen, Hornhaut (Hyperkeratosen) werden mit Skalpelltechnik abgetragen&#8211; H\u00fchneraugen (Clavi)bestehen aus Hornhaut, diese schichten sich bei zu viel Druck nadelf\u00f6rmig in die Tiefe, diese k\u00f6nnen entfernt werden. &#8211; Haut-Risse (Schrunden\/Rhagaden) entstehen durch zu trockene Haut, h\u00e4ufig in Kombination mit viel Hornhaut. &#8211; Beratung schmerzende F\u00fcsse, Passform der Schuhe und weitere Probleme rund um die Gesundheit Ihrer F\u00fcsse &#8211; Spangentechnik (Flyer Orthonyxie) &#8211; Teil-Nagel-Prothetik (Flyer TNP) &#8211; Zehen-Orthese (Flyer Orthese) Terminvereinbarung Online unter:https:\/\/booking.epat.ch\/gioia-podologie\/booking Die Behandlungspreise k\u00f6nnen gerne im Voraus angefragt werden und sind an die Preisempfehlungen des SPV angelehnt.<\/p>\n","protected":false},"author":2,"featured_media":0,"parent":0,"menu_order":0,"comment_status":"closed","ping_status":"closed","template":"","meta":{"footnotes":""},"class_list":["post-10","page","type-page","status-publish","hentry"],"acf":[],"jetpack_sharing_enabled":true,"_links":{"self":[{"href":"https:\/\/www.gioia-podologie.ch\/index.php\/wp-json\/wp\/v2\/pages\/10","targetHints":{"allow":["GET"]}}],"collection":[{"href":"https:\/\/www.gioia-podologie.ch\/index.php\/wp-json\/wp\/v2\/pages"}],"about":[{"href":"https:\/\/www.gioia-podologie.ch\/index.php\/wp-json\/wp\/v2\/types\/page"}],"author":[{"embeddable":true,"href":"https:\/\/www.gioia-podologie.ch\/index.php\/wp-json\/wp\/v2\/users\/2"}],"replies":[{"embeddable":true,"href":"https:\/\/www.gioia-podologie.ch\/index.php\/wp-json\/wp\/v2\/comments?post=10"}],"version-history":[{"count":49,"href":"https:\/\/www.gioia-podologie.ch\/index.php\/wp-json\/wp\/v2\/pages\/10\/revisions"}],"predecessor-version":[{"id":1141,"href":"https:\/\/www.gioia-podologie.ch\/index.php\/wp-json\/wp\/v2\/pages\/10\/revisions\/1141"}],"wp:attachment":[{"href":"https:\/\/www.gioia-podologie.ch\/index.php\/wp-json\/wp\/v2\/media?parent=10"}],"curies":[{"name":"wp","href":"https:\/\/api.w.org\/{rel}","templated":true}]}}