{"id":1073,"date":"2026-03-27T07:46:49","date_gmt":"2026-03-27T06:46:49","guid":{"rendered":"https:\/\/www.gioia-podologie.ch\/?page_id=1073"},"modified":"2026-03-30T11:37:32","modified_gmt":"2026-03-30T09:37:32","slug":"low-level-laser-therapie","status":"publish","type":"page","link":"https:\/\/www.gioia-podologie.ch\/index.php\/low-level-laser-therapie\/","title":{"rendered":"Low-Level-Laser Therapie"},"content":{"rendered":"\n<p class=\"has-text-align-center\">Moderne Lichttherapie zur Unterst\u00fctzung der nat\u00fcrlichen Heilungsprozesse im Gewebe (Biostimulation).<\/p>\n\n\n\n<p class=\"has-text-align-center\">Eine Behandlung dauert in der Regel nur ca. 3 bis 15 Minuten, je nach Indikation. <br>F\u00fcr nachhaltige Ergebnisse wird eine individuell abgestimmte Behandlungsserie empfohlen. <\/p>\n\n\n\n<p class=\"has-text-align-center\">Die Behandlungspreise k\u00f6nnen gerne im Voraus angefragt werden und sind abh\u00e4ngig von der Gr\u00f6sse der Indikationsstelle.<\/p>\n\n\n\n<hr class=\"wp-block-separator has-text-color has-css-opacity has-background is-style-default\" style=\"background-color:#0032a3;color:#0032a3\"\/>\n\n\n\n<div class=\"wp-block-columns is-layout-flex wp-container-core-columns-is-layout-9d6595d7 wp-block-columns-is-layout-flex\">\n<div class=\"wp-block-column is-layout-flow wp-block-column-is-layout-flow\" style=\"flex-basis:33.33%\">\n<p><strong>Vorteile der LLL\u2011Therapie<\/strong><\/p>\n<\/div>\n\n\n\n<div class=\"wp-block-column is-layout-flow wp-block-column-is-layout-flow\" style=\"flex-basis:66.66%\">\n<ul class=\"wp-block-list\">\n<li>Sanfte schmerzarme und nicht invasive Behandlung<\/li>\n\n\n\n<li>Unterst\u00fctzt k\u00f6rpereigene Heilungsprozesse<\/li>\n\n\n\n<li>Verbesserung der Geweberegeneration<\/li>\n\n\n\n<li>Kurz und unkompliziert in der Anwendung<\/li>\n\n\n\n<li>Sehr gut kombinierbar mit podologischen Behandlungen<\/li>\n<\/ul>\n<\/div>\n<\/div>\n\n\n\n<div class=\"wp-block-columns is-layout-flex wp-container-core-columns-is-layout-9d6595d7 wp-block-columns-is-layout-flex\">\n<div class=\"wp-block-column is-layout-flow wp-block-column-is-layout-flow\" style=\"flex-basis:33.33%\">\n<p><strong>Anwendungsgebiete in der Podologie<\/strong><\/p>\n<\/div>\n\n\n\n<div class=\"wp-block-column is-layout-flow wp-block-column-is-layout-flow\" style=\"flex-basis:66.66%\">\n<ul class=\"wp-block-list\">\n<li>Entz\u00fcndeter Nagelfalz (Paronychie)<\/li>\n\n\n\n<li>Unterst\u00fctzung der Wundheilung&nbsp;<\/li>\n\n\n\n<li>Druckstellen und entz\u00fcndliche Hautreizungen<\/li>\n\n\n\n<li>Plantarfasziitis \/ Fersensporn<\/li>\n\n\n\n<li>Achillodynie<strong>&nbsp;<\/strong>\/&nbsp;Achillessehnenentz\u00fcndung<\/li>\n\n\n\n<li>Schmerzhafte \u00dcberlastungen von Sehnen und Faszien<\/li>\n\n\n\n<li>Diabetisches Fusssyndrom<\/li>\n\n\n\n<li>Periphere Polyneuropathie<\/li>\n<\/ul>\n<\/div>\n<\/div>\n\n\n\n<div class=\"wp-block-columns is-layout-flex wp-container-core-columns-is-layout-9d6595d7 wp-block-columns-is-layout-flex\">\n<div class=\"wp-block-column is-layout-flow wp-block-column-is-layout-flow\" style=\"flex-basis:33.33%\">\n<p><strong>Was passiert im Gewebe<\/strong><\/p>\n<\/div>\n\n\n\n<div class=\"wp-block-column is-layout-flow wp-block-column-is-layout-flow\" style=\"flex-basis:66.66%\">\n<ul class=\"wp-block-list\">\n<li>Beschleunigte Wundheilung&nbsp;<\/li>\n\n\n\n<li>Reduktion von Entz\u00fcndungen und Schwellungen<\/li>\n\n\n\n<li>Schmerzhemmung (Erh\u00f6hung Nervenreizschwelle um ca. 50% durch gesteigertes ATP)<\/li>\n\n\n\n<li>Verbesserung der Zirkulation (Mikrozirkulation &amp; Lymphdrainage)<\/li>\n\n\n\n<li>Stimulation der Kollagenproduktion und Gewebereparatur<\/li>\n\n\n\n<li>F\u00f6rderung der Nerven-, Muskel\u2011&nbsp;und Geweberegeneration<\/li>\n\n\n\n<li>Unterst\u00fctzung der Knochen\u2011&nbsp;und Knorpelheilung<\/li>\n<\/ul>\n<\/div>\n<\/div>\n\n\n\n<hr class=\"wp-block-separator has-text-color has-css-opacity has-background is-style-default\" style=\"background-color:#0032a3;color:#0032a3\"\/>\n\n\n\n<h5 class=\"wp-block-heading has-text-align-center\"><span style=\"font-size: inherit;\"><mark style=\"background-color:rgba(0, 0, 0, 0)\" class=\"has-inline-color has-vivid-red-color\"><strong><em>Hinweis: <\/em><\/strong><\/mark><\/span><\/h5>\n\n\n\n<h5 class=\"wp-block-heading has-text-align-center\"><span style=\"font-size: inherit;\"><mark style=\"background-color:rgba(0, 0, 0, 0)\" class=\"has-inline-color has-vivid-red-color\"><strong><em>Die Lasertherapie stellt eine unterst\u00fctzende Behandlung dar und ersetzt keine medizinische Diagnostik.  <\/em><\/strong><\/mark><\/span><\/h5>\n\n\n\n<h5 class=\"wp-block-heading has-text-align-center\"><span style=\"font-size: inherit;\"><mark style=\"background-color:rgba(0, 0, 0, 0)\" class=\"has-inline-color has-vivid-red-color\"><strong><em>Hautver\u00e4nderungen m\u00fcssen immer zuerst \u00e4rztlich abgekl\u00e4rt werden<\/em><\/strong>.<\/mark><\/span><\/h5>\n\n\n\n<hr class=\"wp-block-separator has-text-color has-alpha-channel-opacity has-background\" style=\"background-color:#0032a3;color:#0032a3\"\/>\n\n\n<div class=\"wp-block-image is-style-default\">\n<figure class=\"aligncenter size-full is-resized\"><a href=\"https:\/\/orcos.ch\/produktreihe\/med-701\/\" rel=\"Orcos\"><img loading=\"lazy\" decoding=\"async\" width=\"595\" height=\"841\" src=\"https:\/\/www.gioia-podologie.ch\/wp-content\/uploads\/2026\/03\/Wirkung-Laser.jpeg\" alt=\"\" class=\"wp-image-1115\" style=\"aspect-ratio:0.7074925425513248;width:441px;height:auto\" srcset=\"https:\/\/www.gioia-podologie.ch\/wp-content\/uploads\/2026\/03\/Wirkung-Laser.jpeg 595w, https:\/\/www.gioia-podologie.ch\/wp-content\/uploads\/2026\/03\/Wirkung-Laser-212x300.jpeg 212w\" sizes=\"auto, (max-width: 595px) 100vw, 595px\" \/><\/a><\/figure>\n<\/div>","protected":false},"excerpt":{"rendered":"<p>Moderne Lichttherapie zur Unterst\u00fctzung der nat\u00fcrlichen Heilungsprozesse im Gewebe (Biostimulation). Eine Behandlung dauert in der Regel nur ca. 3 bis 15 Minuten, je nach Indikation. F\u00fcr nachhaltige Ergebnisse wird eine individuell abgestimmte Behandlungsserie empfohlen. Die Behandlungspreise k\u00f6nnen gerne im Voraus angefragt werden und sind abh\u00e4ngig von der Gr\u00f6sse der Indikationsstelle. Vorteile der LLL\u2011Therapie Anwendungsgebiete in der Podologie Was passiert im Gewebe Hinweis: Die Lasertherapie stellt eine unterst\u00fctzende Behandlung dar und ersetzt keine medizinische Diagnostik. Hautver\u00e4nderungen m\u00fcssen immer zuerst \u00e4rztlich abgekl\u00e4rt werden.<\/p>\n","protected":false},"author":2,"featured_media":0,"parent":0,"menu_order":0,"comment_status":"closed","ping_status":"closed","template":"","meta":{"footnotes":""},"class_list":["post-1073","page","type-page","status-publish","hentry"],"acf":[],"jetpack_sharing_enabled":true,"_links":{"self":[{"href":"https:\/\/www.gioia-podologie.ch\/index.php\/wp-json\/wp\/v2\/pages\/1073","targetHints":{"allow":["GET"]}}],"collection":[{"href":"https:\/\/www.gioia-podologie.ch\/index.php\/wp-json\/wp\/v2\/pages"}],"about":[{"href":"https:\/\/www.gioia-podologie.ch\/index.php\/wp-json\/wp\/v2\/types\/page"}],"author":[{"embeddable":true,"href":"https:\/\/www.gioia-podologie.ch\/index.php\/wp-json\/wp\/v2\/users\/2"}],"replies":[{"embeddable":true,"href":"https:\/\/www.gioia-podologie.ch\/index.php\/wp-json\/wp\/v2\/comments?post=1073"}],"version-history":[{"count":32,"href":"https:\/\/www.gioia-podologie.ch\/index.php\/wp-json\/wp\/v2\/pages\/1073\/revisions"}],"predecessor-version":[{"id":1140,"href":"https:\/\/www.gioia-podologie.ch\/index.php\/wp-json\/wp\/v2\/pages\/1073\/revisions\/1140"}],"wp:attachment":[{"href":"https:\/\/www.gioia-podologie.ch\/index.php\/wp-json\/wp\/v2\/media?parent=1073"}],"curies":[{"name":"wp","href":"https:\/\/api.w.org\/{rel}","templated":true}]}}