{"id":12,"date":"2020-08-27T06:44:27","date_gmt":"2020-08-27T06:44:27","guid":{"rendered":"https:\/\/www.gioia-podologie.ch\/?page_id=12"},"modified":"2025-08-06T10:19:37","modified_gmt":"2025-08-06T08:19:37","slug":"produkte","status":"publish","type":"page","link":"https:\/\/www.gioia-podologie.ch\/index.php\/produkte\/","title":{"rendered":"Produkte"},"content":{"rendered":"\n<p class=\"has-text-align-center\"><strong>&#8211; Satis-Feet <\/strong><em>(Fusscreme &amp; Nagel\u00f6l)<\/em><\/p>\n\n\n\n<p class=\"has-text-align-center\"><strong>&#8211; Callusan <\/strong><em>(Schaum-Creme)<\/em><\/p>\n\n\n\n<p class=\"has-text-align-center\"><strong>&#8211; Silikondruckschutz<\/strong> <em>(f\u00fcr alle Bed\u00fcrfnisse)<\/em><\/p>\n\n\n\n<p class=\"has-text-align-center\"><strong>&#8211; Gutscheine<\/strong><\/p>\n\n\n\n<p>  <br>  <\/p>\n\n\n\n<figure class=\"wp-block-gallery columns-2 is-cropped wp-block-gallery-1 is-layout-flex wp-block-gallery-is-layout-flex\"><ul class=\"blocks-gallery-grid\"><li class=\"blocks-gallery-item\"><figure><img loading=\"lazy\" decoding=\"async\" width=\"1024\" height=\"768\" src=\"https:\/\/www.gioia-podologie.ch\/wp-content\/uploads\/2020\/08\/IMG_5919-1024x768.jpg\" alt=\"\" data-id=\"303\" data-full-url=\"https:\/\/www.gioia-podologie.ch\/wp-content\/uploads\/2020\/08\/IMG_5919-scaled.jpg\" data-link=\"https:\/\/www.gioia-podologie.ch\/olympus-digital-camera-4\/\" class=\"wp-image-303\" srcset=\"https:\/\/www.gioia-podologie.ch\/wp-content\/uploads\/2020\/08\/IMG_5919-1024x768.jpg 1024w, https:\/\/www.gioia-podologie.ch\/wp-content\/uploads\/2020\/08\/IMG_5919-300x225.jpg 300w, https:\/\/www.gioia-podologie.ch\/wp-content\/uploads\/2020\/08\/IMG_5919-768x576.jpg 768w, https:\/\/www.gioia-podologie.ch\/wp-content\/uploads\/2020\/08\/IMG_5919-1536x1152.jpg 1536w, https:\/\/www.gioia-podologie.ch\/wp-content\/uploads\/2020\/08\/IMG_5919-2048x1536.jpg 2048w, https:\/\/www.gioia-podologie.ch\/wp-content\/uploads\/2020\/08\/IMG_5919-1160x870.jpg 1160w\" sizes=\"auto, (max-width: 1024px) 100vw, 1024px\" \/><\/figure><\/li><li class=\"blocks-gallery-item\"><figure><img loading=\"lazy\" decoding=\"async\" width=\"1024\" height=\"768\" src=\"https:\/\/www.gioia-podologie.ch\/wp-content\/uploads\/2020\/08\/IMG_5904-1024x768.jpg\" alt=\"\" data-id=\"300\" data-full-url=\"https:\/\/www.gioia-podologie.ch\/wp-content\/uploads\/2020\/08\/IMG_5904-scaled.jpg\" data-link=\"https:\/\/www.gioia-podologie.ch\/olympus-digital-camera\/\" class=\"wp-image-300\" srcset=\"https:\/\/www.gioia-podologie.ch\/wp-content\/uploads\/2020\/08\/IMG_5904-1024x768.jpg 1024w, https:\/\/www.gioia-podologie.ch\/wp-content\/uploads\/2020\/08\/IMG_5904-300x225.jpg 300w, https:\/\/www.gioia-podologie.ch\/wp-content\/uploads\/2020\/08\/IMG_5904-768x576.jpg 768w, https:\/\/www.gioia-podologie.ch\/wp-content\/uploads\/2020\/08\/IMG_5904-1536x1152.jpg 1536w, https:\/\/www.gioia-podologie.ch\/wp-content\/uploads\/2020\/08\/IMG_5904-2048x1536.jpg 2048w, https:\/\/www.gioia-podologie.ch\/wp-content\/uploads\/2020\/08\/IMG_5904-1160x870.jpg 1160w\" sizes=\"auto, (max-width: 1024px) 100vw, 1024px\" \/><\/figure><\/li><\/ul><\/figure>\n<center>Satis Feet<\/p>&nbsp;<\/p>&nbsp;<\/center>\n\n\n\n<figure class=\"wp-block-gallery columns-3 is-cropped wp-block-gallery-2 is-layout-flex wp-block-gallery-is-layout-flex\"><ul class=\"blocks-gallery-grid\"><li class=\"blocks-gallery-item\"><figure><img loading=\"lazy\" decoding=\"async\" width=\"981\" height=\"1024\" src=\"https:\/\/www.gioia-podologie.ch\/wp-content\/uploads\/2020\/08\/IMG_5895-981x1024.jpg\" alt=\"\" data-id=\"296\" data-full-url=\"https:\/\/www.gioia-podologie.ch\/wp-content\/uploads\/2020\/08\/IMG_5895-scaled.jpg\" data-link=\"https:\/\/www.gioia-podologie.ch\/index.php\/produkte\/img_5895\/\" class=\"wp-image-296\" srcset=\"https:\/\/www.gioia-podologie.ch\/wp-content\/uploads\/2020\/08\/IMG_5895-981x1024.jpg 981w, https:\/\/www.gioia-podologie.ch\/wp-content\/uploads\/2020\/08\/IMG_5895-287x300.jpg 287w, https:\/\/www.gioia-podologie.ch\/wp-content\/uploads\/2020\/08\/IMG_5895-768x802.jpg 768w, https:\/\/www.gioia-podologie.ch\/wp-content\/uploads\/2020\/08\/IMG_5895-1472x1536.jpg 1472w, https:\/\/www.gioia-podologie.ch\/wp-content\/uploads\/2020\/08\/IMG_5895-1962x2048.jpg 1962w, https:\/\/www.gioia-podologie.ch\/wp-content\/uploads\/2020\/08\/IMG_5895-1160x1211.jpg 1160w\" sizes=\"auto, (max-width: 981px) 100vw, 981px\" \/><\/figure><\/li><li class=\"blocks-gallery-item\"><figure><img loading=\"lazy\" decoding=\"async\" width=\"971\" height=\"1024\" src=\"https:\/\/www.gioia-podologie.ch\/wp-content\/uploads\/2020\/08\/IMG_5896-971x1024.jpeg\" alt=\"\" data-id=\"298\" data-full-url=\"https:\/\/www.gioia-podologie.ch\/wp-content\/uploads\/2020\/08\/IMG_5896.jpeg\" data-link=\"https:\/\/www.gioia-podologie.ch\/index.php\/produkte\/img_5896\/\" class=\"wp-image-298\" srcset=\"https:\/\/www.gioia-podologie.ch\/wp-content\/uploads\/2020\/08\/IMG_5896-971x1024.jpeg 971w, https:\/\/www.gioia-podologie.ch\/wp-content\/uploads\/2020\/08\/IMG_5896-285x300.jpeg 285w, https:\/\/www.gioia-podologie.ch\/wp-content\/uploads\/2020\/08\/IMG_5896-768x810.jpeg 768w, https:\/\/www.gioia-podologie.ch\/wp-content\/uploads\/2020\/08\/IMG_5896-1457x1536.jpeg 1457w, https:\/\/www.gioia-podologie.ch\/wp-content\/uploads\/2020\/08\/IMG_5896-1943x2048.jpeg 1943w, https:\/\/www.gioia-podologie.ch\/wp-content\/uploads\/2020\/08\/IMG_5896-1160x1223.jpeg 1160w\" sizes=\"auto, (max-width: 971px) 100vw, 971px\" \/><\/figure><\/li><li class=\"blocks-gallery-item\"><figure><img loading=\"lazy\" decoding=\"async\" width=\"1024\" height=\"768\" src=\"https:\/\/www.gioia-podologie.ch\/wp-content\/uploads\/2020\/08\/IMG_5923-1024x768.jpg\" alt=\"\" data-id=\"304\" data-full-url=\"https:\/\/www.gioia-podologie.ch\/wp-content\/uploads\/2020\/08\/IMG_5923-scaled.jpg\" data-link=\"https:\/\/www.gioia-podologie.ch\/olympus-digital-camera-5\/\" class=\"wp-image-304\" srcset=\"https:\/\/www.gioia-podologie.ch\/wp-content\/uploads\/2020\/08\/IMG_5923-1024x768.jpg 1024w, https:\/\/www.gioia-podologie.ch\/wp-content\/uploads\/2020\/08\/IMG_5923-300x225.jpg 300w, https:\/\/www.gioia-podologie.ch\/wp-content\/uploads\/2020\/08\/IMG_5923-768x576.jpg 768w, https:\/\/www.gioia-podologie.ch\/wp-content\/uploads\/2020\/08\/IMG_5923-1536x1152.jpg 1536w, https:\/\/www.gioia-podologie.ch\/wp-content\/uploads\/2020\/08\/IMG_5923-2048x1536.jpg 2048w, https:\/\/www.gioia-podologie.ch\/wp-content\/uploads\/2020\/08\/IMG_5923-1160x870.jpg 1160w\" sizes=\"auto, (max-width: 1024px) 100vw, 1024px\" \/><\/figure><\/li><\/ul><\/figure>\n<center> Silikondruckschutz <\/p>&nbsp;<\/p>&nbsp;<\/center>\n\n\n\n<figure class=\"wp-block-gallery aligncenter columns-1 wp-block-gallery-3 is-layout-flex wp-block-gallery-is-layout-flex\"><ul class=\"blocks-gallery-grid\"><li class=\"blocks-gallery-item\"><figure><img loading=\"lazy\" decoding=\"async\" width=\"2480\" height=\"1157\" src=\"https:\/\/www.gioia-podologie.ch\/wp-content\/uploads\/2020\/08\/Gutschein-vorne.jpg\" alt=\"\" data-id=\"288\" data-full-url=\"https:\/\/www.gioia-podologie.ch\/wp-content\/uploads\/2020\/08\/Gutschein-vorne.jpg\" data-link=\"https:\/\/www.gioia-podologie.ch\/gutschein-vorne\/\" class=\"wp-image-288\" srcset=\"https:\/\/www.gioia-podologie.ch\/wp-content\/uploads\/2020\/08\/Gutschein-vorne.jpg 2480w, https:\/\/www.gioia-podologie.ch\/wp-content\/uploads\/2020\/08\/Gutschein-vorne-300x140.jpg 300w, https:\/\/www.gioia-podologie.ch\/wp-content\/uploads\/2020\/08\/Gutschein-vorne-1024x478.jpg 1024w, https:\/\/www.gioia-podologie.ch\/wp-content\/uploads\/2020\/08\/Gutschein-vorne-768x358.jpg 768w, https:\/\/www.gioia-podologie.ch\/wp-content\/uploads\/2020\/08\/Gutschein-vorne-1536x717.jpg 1536w, https:\/\/www.gioia-podologie.ch\/wp-content\/uploads\/2020\/08\/Gutschein-vorne-2048x955.jpg 2048w, https:\/\/www.gioia-podologie.ch\/wp-content\/uploads\/2020\/08\/Gutschein-vorne-1160x541.jpg 1160w\" sizes=\"auto, (max-width: 2480px) 100vw, 2480px\" \/><\/figure><\/li><\/ul><\/figure>\n<center> Gutschein <\/p>&nbsp;<\/p>&nbsp;<\/center>\n","protected":false},"excerpt":{"rendered":"<p>&#8211; Satis-Feet (Fusscreme &amp; Nagel\u00f6l) &#8211; Callusan (Schaum-Creme) &#8211; Silikondruckschutz (f\u00fcr alle Bed\u00fcrfnisse) &#8211; Gutscheine<\/p>\n","protected":false},"author":2,"featured_media":0,"parent":0,"menu_order":0,"comment_status":"closed","ping_status":"closed","template":"","meta":{"footnotes":""},"class_list":["post-12","page","type-page","status-publish","hentry"],"acf":[],"jetpack_sharing_enabled":true,"_links":{"self":[{"href":"https:\/\/www.gioia-podologie.ch\/index.php\/wp-json\/wp\/v2\/pages\/12","targetHints":{"allow":["GET"]}}],"collection":[{"href":"https:\/\/www.gioia-podologie.ch\/index.php\/wp-json\/wp\/v2\/pages"}],"about":[{"href":"https:\/\/www.gioia-podologie.ch\/index.php\/wp-json\/wp\/v2\/types\/page"}],"author":[{"embeddable":true,"href":"https:\/\/www.gioia-podologie.ch\/index.php\/wp-json\/wp\/v2\/users\/2"}],"replies":[{"embeddable":true,"href":"https:\/\/www.gioia-podologie.ch\/index.php\/wp-json\/wp\/v2\/comments?post=12"}],"version-history":[{"count":68,"href":"https:\/\/www.gioia-podologie.ch\/index.php\/wp-json\/wp\/v2\/pages\/12\/revisions"}],"predecessor-version":[{"id":1053,"href":"https:\/\/www.gioia-podologie.ch\/index.php\/wp-json\/wp\/v2\/pages\/12\/revisions\/1053"}],"wp:attachment":[{"href":"https:\/\/www.gioia-podologie.ch\/index.php\/wp-json\/wp\/v2\/media?parent=12"}],"curies":[{"name":"wp","href":"https:\/\/api.w.org\/{rel}","templated":true}]}}