{"id":21,"date":"2020-08-27T06:55:30","date_gmt":"2020-08-27T06:55:30","guid":{"rendered":"https:\/\/www.gioia-podologie.ch\/?page_id=21"},"modified":"2026-01-14T16:51:56","modified_gmt":"2026-01-14T15:51:56","slug":"uster","status":"publish","type":"page","link":"https:\/\/www.gioia-podologie.ch\/index.php\/uster\/","title":{"rendered":"Uster"},"content":{"rendered":"\n<h4 class=\"wp-block-heading has-text-align-center\"><strong><em>Gioia-Podologie Simione<\/em><\/strong> <\/h4>\n\n\n\n<p class=\"has-text-align-center\">&nbsp;<\/p>\n\n\n\n<p class=\"has-text-align-center\">\u2105 Allergie + Haut<sup>2<\/sup><br>+41 44 515 47 87<br>Loren-Allee 22<br>8610 Uster<br><a href=\"mailto:info@gioia-podologie.ch\">info@gioia-podologie.ch<\/a><\/p>\n\n\n\n<p class=\"has-text-align-center\"><span style=\"font-size: inherit;\"><mark style=\"background-color:rgba(0, 0, 0, 0)\" class=\"has-inline-color has-vivid-red-color\">Bitte keine Terminanfragen per E-Mail<\/mark><\/span><\/p>\n\n\n\n<p class=\"has-text-align-center\"><strong><span style=\"text-decoration: underline;\">F\u00fcr Arztpraxen<\/span><\/strong> welche sensible Daten an mich \u00fcbermitteln m\u00f6chten: <a href=\"mailto:allergie-haut@hin.ch\" target=\"_blank\" rel=\"noreferrer noopener\">allergie-haut@hin.ch<\/a> Betreff: z.H. Frau Simione<\/p>\n\n\n\n<p class=\"has-text-align-center\">&nbsp;<\/p>\n\n\n\n<p><\/p>\n\n\n\n<p class=\"has-text-align-center\">Terminvereinbarungen telefonisch,&nbsp;zu diesen Zeiten erreichen Sie uns:<br>Montag &amp; Mittwoch 09:15-11:00 Uhr, 14:00-17:00 Uhr<br>Dienstag, Donnerstag &amp; Freitag 08:30-11:00 Uhr, 14:00-16:30 Uhr &nbsp;<\/p>\n\n\n\n<p class=\"has-text-align-center\"> &nbsp; &nbsp; &nbsp; &nbsp; &nbsp; &nbsp; &nbsp; &nbsp; &nbsp; &nbsp;<br><span style=\"font-size: inherit;\">Behandlungstage: Montag, Dienstag, Mittwoch, Donnerstag &amp; Freitag<br>Bezahlungsm\u00f6glichkeiten: Bar oder Debit-Karte <\/span><\/p>\n\n\n\n<p class=\"has-text-align-center\"><strong><mark style=\"background-color:rgba(0, 0, 0, 0)\" class=\"has-inline-color has-vivid-red-color\">Termine, die nicht eingehalten werden k\u00f6nnen, sind 24 Stunden vorher abzusagen, ansonsten werden diese in Rechnung gestellt.<\/mark><\/strong><\/p>\n\n\n\n<p class=\"has-text-align-center\">F\u00fcr bestehende Kunden ist eine Terminvereinbarung Online m\u00f6glich unter:<br><a href=\"https:\/\/booking.epat.ch\/gioia-podologie\/booking\">https:\/\/booking.epat.ch\/gioia-podologie\/booking<\/a><\/p>\n\n\n\n<p class=\"has-text-align-center\">&nbsp;<\/p>\n\n\n\n<p class=\"has-text-align-center\"><strong data-rich-text-format-boundary=\"true\"><a href=\"https:\/\/www.google.com\/maps\/place\/Gioia-Podologie+Simione\/@47.3592123,8.7070489,17z\/data=!3m1!4b1!4m5!3m4!1s0x479aa37eba98edb9:0x30ba82b74c80e0b!8m2!3d47.3592123!4d8.7092376\" target=\"_blank\" rel=\"noopener noreferrer\" data-type=\"URL\" data-id=\"https:\/\/www.google.de\/maps\/place\/Dorfstrasse+122,+8706+Meilen\/@47.2688849,8.6428636,17z\/data=!3m1!4b1!4m5!3m4!1s0x479aaf702395fd27:0x6e77e3f82b34bd1b!8m2!3d47.2688813!4d8.6450576\">Situationsplan \/ Karte<\/a><\/strong><\/p>\n\n\n\n<p class=\"has-text-align-center\">Anfahrt mit \u00d6V: Bushaltestelle Loren-Allee, Uster&nbsp;<\/p>\n\n\n\n<p class=\"has-text-align-center\">Anfahrt mit Auto: Parkhaus Loren-Allee <\/p>\n\n\n\n<p class=\"has-text-align-center\">Wir bitten Sie um Kenntnisnahme, dass im Parkhaus FLOR nur <span style=\"text-decoration: underline;\">begrenzt<\/span> Besucherparkpl\u00e4tze zur Verf\u00fcgung stehen und kein Parkplatz garantiert werden kann. In der Tiefgarage sowie vor dem Denner sind Parkm\u00f6glichkeiten vorhanden, welche auch bei hohem Besucheraufkommen immer wieder frei werden. Bitte planen Sie sich daher <span style=\"text-decoration: underline;\">gen\u00fcgend Zeit<\/span> ein Ihren Parkplatz zu finden um p\u00fcnktlich zu Ihrem Termin zu erscheinen.<\/p>\n\n\n\n<p class=\"has-text-align-center\"><\/p>\n\n\n\n<div class=\"wp-block-group is-content-justification-center is-nowrap is-layout-flex wp-container-core-group-is-layout-94bc23d7 wp-block-group-is-layout-flex\">\n<\/p>\n\n\n\n<figure class=\"wp-block-gallery aligncenter has-nested-images columns-default is-cropped wp-block-gallery-1 is-layout-flex wp-block-gallery-is-layout-flex\">\n<figure class=\"wp-block-image size-large\"><img loading=\"lazy\" decoding=\"async\" width=\"768\" height=\"1024\" data-id=\"658\" src=\"https:\/\/www.gioia-podologie.ch\/wp-content\/uploads\/2020\/12\/IMG_6182-2-768x1024.jpg\" alt=\"\" class=\"wp-image-658\" srcset=\"https:\/\/www.gioia-podologie.ch\/wp-content\/uploads\/2020\/12\/IMG_6182-2-768x1024.jpg 768w, https:\/\/www.gioia-podologie.ch\/wp-content\/uploads\/2020\/12\/IMG_6182-2-225x300.jpg 225w, https:\/\/www.gioia-podologie.ch\/wp-content\/uploads\/2020\/12\/IMG_6182-2-1152x1536.jpg 1152w, https:\/\/www.gioia-podologie.ch\/wp-content\/uploads\/2020\/12\/IMG_6182-2-1536x2048.jpg 1536w, https:\/\/www.gioia-podologie.ch\/wp-content\/uploads\/2020\/12\/IMG_6182-2-1160x1547.jpg 1160w, https:\/\/www.gioia-podologie.ch\/wp-content\/uploads\/2020\/12\/IMG_6182-2-scaled.jpg 1920w\" sizes=\"auto, (max-width: 768px) 100vw, 768px\" \/><figcaption class=\"wp-element-caption\">Standort Uster<\/figcaption><\/figure>\n\n\n\n<figure class=\"wp-block-image size-large\"><img loading=\"lazy\" decoding=\"async\" width=\"784\" height=\"1024\" data-id=\"566\" src=\"https:\/\/www.gioia-podologie.ch\/wp-content\/uploads\/2020\/10\/IMG_6132-scaled-e1606991852486-784x1024.jpg\" alt=\"\" class=\"wp-image-566\" srcset=\"https:\/\/www.gioia-podologie.ch\/wp-content\/uploads\/2020\/10\/IMG_6132-scaled-e1606991852486-784x1024.jpg 784w, https:\/\/www.gioia-podologie.ch\/wp-content\/uploads\/2020\/10\/IMG_6132-scaled-e1606991852486-230x300.jpg 230w, https:\/\/www.gioia-podologie.ch\/wp-content\/uploads\/2020\/10\/IMG_6132-scaled-e1606991852486-768x1004.jpg 768w, https:\/\/www.gioia-podologie.ch\/wp-content\/uploads\/2020\/10\/IMG_6132-scaled-e1606991852486.jpg 1043w\" sizes=\"auto, (max-width: 784px) 100vw, 784px\" \/><figcaption class=\"wp-element-caption\">Lageplan<\/figcaption><\/figure>\n<\/figure>\n<\/div>\n\n\n<p><!-- \/wp:post-content --><\/p>","protected":false},"excerpt":{"rendered":"<p>Gioia-Podologie Simione &nbsp; \u2105 Allergie + Haut2+41 44 515 47 87Loren-Allee 228610 Usterinfo@gioia-podologie.ch Bitte keine Terminanfragen per E-Mail F\u00fcr Arztpraxen welche sensible Daten an mich \u00fcbermitteln m\u00f6chten: allergie-haut@hin.ch Betreff: z.H. Frau Simione &nbsp; Terminvereinbarungen telefonisch,&nbsp;zu diesen Zeiten erreichen Sie uns:Montag &amp; Mittwoch 09:15-11:00 Uhr, 14:00-17:00 UhrDienstag, Donnerstag &amp; Freitag 08:30-11:00 Uhr, 14:00-16:30 Uhr &nbsp; &nbsp; &nbsp; &nbsp; &nbsp; &nbsp; &nbsp; &nbsp; &nbsp; &nbsp; &nbsp;Behandlungstage: Montag, Dienstag, Mittwoch, Donnerstag &amp; FreitagBezahlungsm\u00f6glichkeiten: Bar oder Debit-Karte Termine, die nicht eingehalten werden k\u00f6nnen, sind 24 Stunden vorher abzusagen, ansonsten werden diese in Rechnung gestellt. F\u00fcr bestehende Kunden ist eine Terminvereinbarung Online m\u00f6glich unter:https:\/\/booking.epat.ch\/gioia-podologie\/booking &nbsp; Situationsplan \/ Karte Anfahrt mit \u00d6V: Bushaltestelle Loren-Allee, Uster&nbsp; Anfahrt mit Auto: Parkhaus Loren-Allee Wir bitten Sie um Kenntnisnahme, dass im Parkhaus FLOR nur begrenzt Besucherparkpl\u00e4tze zur Verf\u00fcgung stehen und kein Parkplatz garantiert werden kann. In der Tiefgarage sowie vor dem Denner sind Parkm\u00f6glichkeiten vorhanden, welche auch bei hohem Besucheraufkommen immer wieder frei werden. Bitte planen Sie sich daher gen\u00fcgend Zeit ein Ihren Parkplatz zu finden um p\u00fcnktlich zu Ihrem Termin zu erscheinen.<\/p>\n","protected":false},"author":2,"featured_media":0,"parent":0,"menu_order":0,"comment_status":"closed","ping_status":"closed","template":"","meta":{"footnotes":""},"class_list":["post-21","page","type-page","status-publish","hentry"],"acf":[],"jetpack_sharing_enabled":true,"_links":{"self":[{"href":"https:\/\/www.gioia-podologie.ch\/index.php\/wp-json\/wp\/v2\/pages\/21","targetHints":{"allow":["GET"]}}],"collection":[{"href":"https:\/\/www.gioia-podologie.ch\/index.php\/wp-json\/wp\/v2\/pages"}],"about":[{"href":"https:\/\/www.gioia-podologie.ch\/index.php\/wp-json\/wp\/v2\/types\/page"}],"author":[{"embeddable":true,"href":"https:\/\/www.gioia-podologie.ch\/index.php\/wp-json\/wp\/v2\/users\/2"}],"replies":[{"embeddable":true,"href":"https:\/\/www.gioia-podologie.ch\/index.php\/wp-json\/wp\/v2\/comments?post=21"}],"version-history":[{"count":179,"href":"https:\/\/www.gioia-podologie.ch\/index.php\/wp-json\/wp\/v2\/pages\/21\/revisions"}],"predecessor-version":[{"id":1070,"href":"https:\/\/www.gioia-podologie.ch\/index.php\/wp-json\/wp\/v2\/pages\/21\/revisions\/1070"}],"wp:attachment":[{"href":"https:\/\/www.gioia-podologie.ch\/index.php\/wp-json\/wp\/v2\/media?parent=21"}],"curies":[{"name":"wp","href":"https:\/\/api.w.org\/{rel}","templated":true}]}}