{"id":30,"date":"2020-08-27T06:56:57","date_gmt":"2020-08-27T06:56:57","guid":{"rendered":"https:\/\/www.gioia-podologie.ch\/?page_id=30"},"modified":"2025-08-06T10:22:25","modified_gmt":"2025-08-06T08:22:25","slug":"ueber-mich","status":"publish","type":"page","link":"https:\/\/www.gioia-podologie.ch\/index.php\/ueber-mich\/","title":{"rendered":"\u00dcber mich"},"content":{"rendered":"\n<div class=\"wp-block-columns is-layout-flex wp-container-core-columns-is-layout-9d6595d7 wp-block-columns-is-layout-flex\">\n<div class=\"wp-block-column is-layout-flow wp-block-column-is-layout-flow\" style=\"flex-basis:66.66%\">\n<p>Nach erfolgreichem Abschluss der Lehre zur Podologin EFZ 2014, konnte ich anschliessend Berufserfahrung&nbsp;in der&nbsp;Feetback Podologie in Uster sammeln.<\/p>\n\n\n\n<p>2018 habe ich die\u00a0dreij\u00e4hrige berufsbegleitende Ausbildung zur Dipl. Podologin HF erfolgreich abgeschlossen.<\/p>\n\n\n\n<p>Da mir die stetige Weiterbildung am&nbsp;Herzen liegt,&nbsp;habe ich im Rahmen der H\u00f6heren Fachschule&nbsp;zus\u00e4tzlich&nbsp;das Diabetesseminar und den Berufsbildnerkurs&nbsp;absolviert.<\/p>\n\n\n\n<p>2018-2020&nbsp;arbeitete ich&nbsp;selbst\u00e4ndig als Dipl. Podologin HF in Meilen, bei&nbsp;der&nbsp;Podologie Sutter.<\/p>\n\n\n\n<p>Seit August 2020&nbsp;f\u00fchre ich meinen Standort bei Allergie + Haut 2 in Uster.<\/p>\n\n\n\n<p>Seit 2021 unterrichte ich als \u00dcK-Referentin in den \u00fcberbetrieblichen Kursen an der Berufsschule.<\/p>\n\n\n\n<p>Seit 2024 bin ich als Expertin bei Lehrabschlusspr\u00fcfungen im Einsatz.<\/p>\n\n\n\n<p>Da ich zweisprachig aufgewachsen bin,&nbsp;spreche ich fliessend Deutsch &amp; Italienisch. Englisch sprechende Kunden sind ebenfalls herzlich Willkommen.<\/p>\n\n\n\n<p>In der Freizeit findet man mich h\u00e4ufig mit dem Stand Up Paddle auf dem Z\u00fcrichsee. Ich liebe es zu Tanzen und mich in der Natur zu bewegen. <\/p>\n<\/div>\n\n\n\n<div class=\"wp-block-column is-vertically-aligned-center is-layout-flow wp-block-column-is-layout-flow\" style=\"flex-basis:33.33%\"><div class=\"wp-block-image is-style-default\">\n<figure class=\"aligncenter size-large is-resized\"><img loading=\"lazy\" decoding=\"async\" width=\"768\" height=\"1024\" src=\"https:\/\/www.gioia-podologie.ch\/wp-content\/uploads\/2022\/03\/IMG_5817-768x1024.jpg\" alt=\"\" class=\"wp-image-859\" style=\"width:237px;height:315px\" srcset=\"https:\/\/www.gioia-podologie.ch\/wp-content\/uploads\/2022\/03\/IMG_5817-768x1024.jpg 768w, https:\/\/www.gioia-podologie.ch\/wp-content\/uploads\/2022\/03\/IMG_5817-225x300.jpg 225w, https:\/\/www.gioia-podologie.ch\/wp-content\/uploads\/2022\/03\/IMG_5817-1152x1536.jpg 1152w, https:\/\/www.gioia-podologie.ch\/wp-content\/uploads\/2022\/03\/IMG_5817-1536x2048.jpg 1536w, https:\/\/www.gioia-podologie.ch\/wp-content\/uploads\/2022\/03\/IMG_5817-1160x1547.jpg 1160w, https:\/\/www.gioia-podologie.ch\/wp-content\/uploads\/2022\/03\/IMG_5817-scaled.jpg 1920w\" sizes=\"auto, (max-width: 768px) 100vw, 768px\" \/><figcaption class=\"wp-element-caption\"><strong><em>Vanessa Simione<\/em><\/strong><br><strong><em>Dipl. Podologin HF<\/em><\/strong><\/figcaption><\/figure>\n<\/div>\n\n\n<p><\/p>\n<\/div>\n<\/div>\n","protected":false},"excerpt":{"rendered":"<p>Nach erfolgreichem Abschluss der Lehre zur Podologin EFZ 2014, konnte ich anschliessend Berufserfahrung&nbsp;in der&nbsp;Feetback Podologie in Uster sammeln. 2018 habe ich die\u00a0dreij\u00e4hrige berufsbegleitende Ausbildung zur Dipl. Podologin HF erfolgreich abgeschlossen. Da mir die stetige Weiterbildung am&nbsp;Herzen liegt,&nbsp;habe ich im Rahmen der H\u00f6heren Fachschule&nbsp;zus\u00e4tzlich&nbsp;das Diabetesseminar und den Berufsbildnerkurs&nbsp;absolviert. 2018-2020&nbsp;arbeitete ich&nbsp;selbst\u00e4ndig als Dipl. Podologin HF in Meilen, bei&nbsp;der&nbsp;Podologie Sutter. Seit August 2020&nbsp;f\u00fchre ich meinen Standort bei Allergie + Haut 2 in Uster. Seit 2021 unterrichte ich als \u00dcK-Referentin in den \u00fcberbetrieblichen Kursen an der Berufsschule. Seit 2024 bin ich als Expertin bei Lehrabschlusspr\u00fcfungen im Einsatz. Da ich zweisprachig aufgewachsen bin,&nbsp;spreche ich fliessend Deutsch &amp; Italienisch. Englisch sprechende Kunden sind ebenfalls herzlich Willkommen. In der Freizeit findet man mich h\u00e4ufig mit dem Stand Up Paddle auf dem Z\u00fcrichsee. Ich liebe es zu Tanzen und mich in der Natur zu bewegen.<\/p>\n","protected":false},"author":2,"featured_media":0,"parent":0,"menu_order":0,"comment_status":"closed","ping_status":"closed","template":"","meta":{"footnotes":""},"class_list":["post-30","page","type-page","status-publish","hentry"],"acf":[],"jetpack_sharing_enabled":true,"_links":{"self":[{"href":"https:\/\/www.gioia-podologie.ch\/index.php\/wp-json\/wp\/v2\/pages\/30","targetHints":{"allow":["GET"]}}],"collection":[{"href":"https:\/\/www.gioia-podologie.ch\/index.php\/wp-json\/wp\/v2\/pages"}],"about":[{"href":"https:\/\/www.gioia-podologie.ch\/index.php\/wp-json\/wp\/v2\/types\/page"}],"author":[{"embeddable":true,"href":"https:\/\/www.gioia-podologie.ch\/index.php\/wp-json\/wp\/v2\/users\/2"}],"replies":[{"embeddable":true,"href":"https:\/\/www.gioia-podologie.ch\/index.php\/wp-json\/wp\/v2\/comments?post=30"}],"version-history":[{"count":52,"href":"https:\/\/www.gioia-podologie.ch\/index.php\/wp-json\/wp\/v2\/pages\/30\/revisions"}],"predecessor-version":[{"id":1057,"href":"https:\/\/www.gioia-podologie.ch\/index.php\/wp-json\/wp\/v2\/pages\/30\/revisions\/1057"}],"wp:attachment":[{"href":"https:\/\/www.gioia-podologie.ch\/index.php\/wp-json\/wp\/v2\/media?parent=30"}],"curies":[{"name":"wp","href":"https:\/\/api.w.org\/{rel}","templated":true}]}}