{"id":33,"date":"2020-08-27T07:01:42","date_gmt":"2020-08-27T07:01:42","guid":{"rendered":"https:\/\/www.gioia-podologie.ch\/?page_id=33"},"modified":"2026-03-25T15:39:15","modified_gmt":"2026-03-25T14:39:15","slug":"ueber-podologie","status":"publish","type":"page","link":"https:\/\/www.gioia-podologie.ch\/index.php\/ueber-podologie\/","title":{"rendered":"\u00dcber Podologie"},"content":{"rendered":"<ul id=\"block-450f30aa-356b-47ad-8e60-4e97c50004e3\">\n<li><strong><span class=\"has-inline-color\" style=\"color: #0032a3;\">Was ist Podologie?<\/span>&nbsp;<\/strong><br \/>Podologie ist die Fussheilkunde. Sie befasst sich mit den medizinischen Problemen der F\u00fcsse.<br \/>Klienten sind alle, die Beschwerden \/ Schmerzen an den F\u00fcssen haben sowie Personen mit Diabetes (Zuckerkrankheit), Anticoaguliert (Blutverd\u00fcnner), Rheuma und Durchblutungst\u00f6rungen.<br \/><strong>Weitere <a href=\"https:\/\/www.podologie.swiss\/podologie.html\" target=\"_blank\" rel=\"noreferrer noopener\">Informationen<\/a><\/strong><\/li>\n<\/ul>\n\n\n<ul class=\"wp-block-list\">\n<li><strong><mark style=\"background-color:rgba(0, 0, 0, 0);color:#0032a3\" class=\"has-inline-color\">Unterschied Podologie zu kosmetischer Fusspflege (Pedik\u00fcre)?\u00a0<\/mark><\/strong><br>Die Podologische Ausbildung ist eidgen\u00f6ssisch anerkannt. <br>Die Lehre dauert 3 Jahre (EFZ), der Abschluss als Dipl. Podologin HF ist nach weiteren 3 Jahren an der H\u00f6heren Fachschule m\u00f6glich.<br>Die Podologin arbeitet, im Gegensatz zur kosmetischen Fusspflege, aus medizinischer Sichtweise, mit Bewilligung des Gesundheitsamtes und nach den Vorschriften von Swissmedic &amp; BAG.<br><br>Die Ausbildung zur Fusspfleger\/in besteht aus verschiedenen Kursen von 2 Wochen bis zu 3 Monaten. Sie hat keine eidgen\u00f6ssische Anerkennung.<br>Fusspfleger\/innen d\u00fcrfen nur kosmetisch Arbeiten, was bedeutet: keine Skalpelltechnik, keine medizinischen Nagelprobleme und keine Behandlung von Risikopatienten.<br><strong>Weitere <a href=\"https:\/\/www.podologie.swiss\/fileadmin\/user_upload\/Files\/dateien_anwender\/allgemein\/dokumente\/2017\/unterschied_podologie_kosm_fusspflege.pdf\" data-type=\"URL\" data-id=\"https:\/\/www.podologie.swiss\/fileadmin\/user_upload\/Files\/dateien_anwender\/allgemein\/dokumente\/2017\/unterschied_podologie_kosm_fusspflege.pdf\" target=\"_blank\" rel=\"noreferrer noopener\">Informationen<\/a><\/strong>         <br><br><\/li>\n\n\n\n<li><strong><mark style=\"background-color:rgba(0, 0, 0, 0);color:#0032a3\" class=\"has-inline-color\">Diabetischer-Fuss\u00a0<br><\/mark><\/strong>Sp\u00e4tfolge des Diabetes. Probleme mit Empfindungsst\u00f6rungen und der Durchblutung in den F\u00fcssen. Hochrisikopatienten, da Verletzungen schwerwiegende Folgen haben k\u00f6nnen.<br><strong>Weitere <a href=\"https:\/\/www.podologie.swiss\/podologie\/diabetischer-fuss.html\" data-type=\"URL\" data-id=\"https:\/\/www.podologie.swiss\/podologie\/diabetischer-fuss.html\" target=\"_blank\" rel=\"noreferrer noopener\">Informationen<\/a><\/strong>                                                                                                                                                                                                                      <\/li>\n<\/ul>\n\n\n\n<ul class=\"wp-block-list\">\n<li><mark style=\"background-color: rgba(0, 0, 0, 0);\" class=\"has-inline-color has-black-color\"><mark style=\"background-color: rgba(0, 0, 0, 0);\" class=\"has-inline-color\"><strong><font color=\"#0032a3\"><span style=\"caret-color: rgb(0, 50, 163); font-weight: 600;\">Leistungen Grundversicherung Krankenka<\/span><\/font><\/strong><\/mark><\/mark><mark style=\"background-color:rgba(0, 0, 0, 0)\" class=\"has-inline-color has-black-color\"><mark style=\"background-color:rgba(0, 0, 0, 0);color:#0032a3\" class=\"has-inline-color\"><strong>sse<\/strong> <\/mark><\/mark><br>In Zukunft k\u00f6nnen podologische Leistungen bei Diabetikern mit Polyneuropathie direkt \u00fcber die Grundversicherung verg\u00fctet werden. Sie ben\u00f6tigen eine <a href=\"https:\/\/www.podologie.swiss\/wp-content\/uploads\/2021\/12\/verordnungsformular_podologie_d_2022.pdf\" target=\"_blank\" rel=\"noreferrer noopener\">Verf\u00fcgung<\/a><a href=\"https:\/\/www.podologie.swiss\/wp-content\/uploads\/2021\/12\/verordnungsformular_podologie_d_2022.pdf\"> <\/a>vom Arzt.<br>Sobald die Abrechnung via Krankenkasse m\u00f6glich ist werde ich Sie Informieren.                        <\/li>\n<\/ul>\n","protected":false},"excerpt":{"rendered":"<p>Was ist Podologie?&nbsp;Podologie ist die Fussheilkunde. Sie befasst sich mit den medizinischen Problemen der F\u00fcsse.Klienten sind alle, die Beschwerden \/ Schmerzen an den F\u00fcssen haben sowie Personen mit Diabetes (Zuckerkrankheit), Anticoaguliert (Blutverd\u00fcnner), Rheuma und Durchblutungst\u00f6rungen.Weitere Informationen<\/p>\n","protected":false},"author":2,"featured_media":0,"parent":0,"menu_order":0,"comment_status":"closed","ping_status":"closed","template":"","meta":{"footnotes":""},"class_list":["post-33","page","type-page","status-publish","hentry"],"acf":[],"jetpack_sharing_enabled":true,"_links":{"self":[{"href":"https:\/\/www.gioia-podologie.ch\/index.php\/wp-json\/wp\/v2\/pages\/33","targetHints":{"allow":["GET"]}}],"collection":[{"href":"https:\/\/www.gioia-podologie.ch\/index.php\/wp-json\/wp\/v2\/pages"}],"about":[{"href":"https:\/\/www.gioia-podologie.ch\/index.php\/wp-json\/wp\/v2\/types\/page"}],"author":[{"embeddable":true,"href":"https:\/\/www.gioia-podologie.ch\/index.php\/wp-json\/wp\/v2\/users\/2"}],"replies":[{"embeddable":true,"href":"https:\/\/www.gioia-podologie.ch\/index.php\/wp-json\/wp\/v2\/comments?post=33"}],"version-history":[{"count":37,"href":"https:\/\/www.gioia-podologie.ch\/index.php\/wp-json\/wp\/v2\/pages\/33\/revisions"}],"predecessor-version":[{"id":1099,"href":"https:\/\/www.gioia-podologie.ch\/index.php\/wp-json\/wp\/v2\/pages\/33\/revisions\/1099"}],"wp:attachment":[{"href":"https:\/\/www.gioia-podologie.ch\/index.php\/wp-json\/wp\/v2\/media?parent=33"}],"curies":[{"name":"wp","href":"https:\/\/api.w.org\/{rel}","templated":true}]}}