{"id":432,"date":"2020-09-07T09:00:03","date_gmt":"2020-09-07T09:00:03","guid":{"rendered":"https:\/\/www.gioia-podologie.ch\/?page_id=432"},"modified":"2024-10-07T09:42:41","modified_gmt":"2024-10-07T09:42:41","slug":"datenschutzerklaerung","status":"publish","type":"page","link":"https:\/\/www.gioia-podologie.ch\/index.php\/datenschutzerklaerung\/","title":{"rendered":"Impressum &#038; Datenschutzerkl\u00e4rung"},"content":{"rendered":"\n<p class=\"has-text-color\" style=\"color:#0032a3\"><strong>Kontaktadresse<\/strong><\/p>\n\n\n\n<p>Vanessa Simione<br>Gioia-Podologie, Inhaberin Simione<br>Stadacherstrasse 58<br>8320 Fehraltorf<br>info@gioia-podologie.ch<br><\/p>\n\n\n\n<p class=\"has-text-color\" style=\"color:#0032a3\"><strong>Haftungsausschluss &amp; Rechtliche Hinweise<\/strong><\/p>\n\n\n\n<p>Gioia-Podologie Simione versucht seine Inhalte stets aktuell zu halten, allerdings kann auf die&nbsp;inhaltlichen Richtigkeit, Genauigkeit, Aktualit\u00e4t, Zuverl\u00e4ssigkeit und Vollst\u00e4ndigkeit der Informationen kein Gew\u00e4hr gegeben werden.<br><\/p>\n\n\n\n<p>Alle Angebote sind unverbindlich. Gioia-Podologie Simione beh\u00e4lt es sich ausdr\u00fccklich vor, dass gesamte Angebot oder Teile der Webseite ohne separate Vorank\u00fcndigung zu ver\u00e4ndern, erg\u00e4nzen, l\u00f6schen oder deren Ver\u00f6ffentlichung einzustellen.<br><\/p>\n\n\n\n<p>Haftungsanspr\u00fcche gegen Gioia-Podologie Simione wegen Sch\u00e4den materieller oder immaterieller Art, welche durch den Zugriff oder die Nutzung bzw. Nichtnutzung der ver\u00f6ffentlichten Informationen, durch Missbrauch der Verbindung oder durch technische St\u00f6rungen entstanden sind, werden ausgeschlossen.<br><\/p>\n\n\n\n<p>Verweise und Links auf Webseiten Dritter liegen ausserhalb unseres Verantwortungsbereichs. Es wird jegliche Verantwortung f\u00fcr solche Webseiten abgelehnt. Zugriff und Nutzung solcher Webseiten erfolgen auf eigene Gefahr des Nutzers oder der Nutzerin.<\/p>\n\n\n\n<p><\/p>\n\n\n\n<p class=\"has-text-color\" style=\"color:#0032a3\"><strong>Rechtliche Hinweise<\/strong><\/p>\n\n\n\n<p class=\"has-black-color has-text-color\">S\u00e4mtliche Texte, Dokumente, Grafiken, Bilder und Filme auf dieser Website sind urheberrechtlich gesch\u00fctzt. Eine allf\u00e4llige Weiterverwendung, Weiterverarbeitung, Wiederver\u00f6ffentlichung oder Vervielf\u00e4ltigung der Inhalte ohne vorherige schriftlicher Zustimmung ist nicht gestattet. Eine Haftung f\u00fcr die Richtigkeit der Inhalte kann trotz sorgf\u00e4ltiger Pr\u00fcfung nicht \u00fcbernommen werden.<\/p>\n\n\n\n<p><\/p>\n\n\n\n<p class=\"has-text-color\" style=\"color:#0032a3\"><strong>Bildrechte:<\/strong><\/p>\n\n\n\n<ul class=\"wp-block-list\">\n<li><a href=\"https:\/\/www.podologie.swiss\/index.php?id=14\" target=\"_blank\" rel=\"noreferrer noopener\">Schweizerischer Podologen-Verband SPV<\/a><\/li>\n\n\n\n<li><a href=\"https:\/\/unsplash.com\/photos\/Rwxiou2LOBQ\" target=\"_blank\" rel=\"noreferrer noopener\">Unsplash Photo\u2019s for everyone<\/a><\/li>\n<\/ul>\n\n\n\n<p class=\"has-text-color\" style=\"color:#0032a3\"><strong>Datenschutz Webseite <\/strong><\/p>\n\n\n\n<p>Wir bem\u00fchen uns die Datenbanken so gut wie m\u00f6glich vor fremden Zugriffen, Missbrauch F\u00e4lschung oder vor Verlust zu sch\u00fctzen.<\/p>\n\n\n\n<p>Gest\u00fctzt auf Artikel 13 der schweizerischen Bundesverfassung und die datenschutzrechtlichen Bestimmungen des Bundes hat jede Person Anspruch auf Schutz ihrer Privatsph\u00e4re sowie auf Schutz vor Missbrauch ihrer pers\u00f6nlichen Daten. Wir halten diese Bestimmungen ein. Pers\u00f6nliche Daten werden streng vertraulich behandelt und weder weiter gegeben noch an Dritte verkauft.<\/p>\n\n\n\n<p>Beim Zugriff auf unsere Webseiten werden folgende Daten in Logfiles gespeichert: IP-Adresse der Gegenseite, Datum, Uhrzeit, Genaue Adresse der aufgerufenen Seite (URI), Ausgangspunkt (Referrer), Verwendete Software (Web-Browser und Betriebssystem) auf der Gegenseite, \u00dcbertragene Datenmenge und\/oder Fehlercode, Information zur Transportverschl\u00fcsselung. Diese Nutzungsdaten bilden die Basis f\u00fcr statistische, anonyme Auswertungen, so dass Trends erkennbar sind, anhand derer wir unsere Angebote entsprechend verbessern k\u00f6nnen.\u00a0<\/p>\n\n\n\n<p>Die personenbezogenen Daten der betroffenen Person werden gel\u00f6scht oder gesperrt, sobald der Zweck f\u00fcr die Speicherung entf\u00e4llt.<\/p>\n\n\n\n<p class=\"has-text-color\" style=\"color:#0032a3\"><strong>Datenschutz Kontakt per E-Mail <\/strong><\/p>\n\n\n\n<p>Folgende Daten erheben und verarbeiten wir beim Versand und Empfang von E-Mails:<br>\u2022 Datum und Uhrzeit<br>\u2022 Absender- und Empf\u00e4nger-Adresse(n)<br>\u2022 IP-Adresse der Gegenstelle<br>\u2022 ggf. Verwendete Software bei der Gegenstelle<br>\u2022 ggf. Authentifizierungsmerkmale (z.B. Benutzername) \u2022 Information zur Transportverschl\u00fcsselung<br>\u2022 Bewertung des Viren- und Spam-Filters<\/p>\n\n\n\n<p><\/p>\n","protected":false},"excerpt":{"rendered":"<p>Kontaktadresse Vanessa SimioneGioia-Podologie, Inhaberin SimioneStadacherstrasse 588320 Fehraltorfinfo@gioia-podologie.ch Haftungsausschluss &amp; Rechtliche Hinweise Gioia-Podologie Simione versucht seine Inhalte stets aktuell zu halten, allerdings kann auf die&nbsp;inhaltlichen Richtigkeit, Genauigkeit, Aktualit\u00e4t, Zuverl\u00e4ssigkeit und Vollst\u00e4ndigkeit der Informationen kein Gew\u00e4hr gegeben werden. Alle Angebote sind unverbindlich. Gioia-Podologie Simione beh\u00e4lt es sich ausdr\u00fccklich vor, dass gesamte Angebot oder Teile der Webseite ohne separate Vorank\u00fcndigung zu ver\u00e4ndern, erg\u00e4nzen, l\u00f6schen oder deren Ver\u00f6ffentlichung einzustellen. Haftungsanspr\u00fcche gegen Gioia-Podologie Simione wegen Sch\u00e4den materieller oder immaterieller Art, welche durch den Zugriff oder die Nutzung bzw. Nichtnutzung der ver\u00f6ffentlichten Informationen, durch Missbrauch der Verbindung oder durch technische St\u00f6rungen entstanden sind, werden ausgeschlossen. Verweise und Links auf Webseiten Dritter liegen ausserhalb unseres Verantwortungsbereichs. Es wird jegliche Verantwortung f\u00fcr solche Webseiten abgelehnt. Zugriff und Nutzung solcher Webseiten erfolgen auf eigene Gefahr des Nutzers oder der Nutzerin. Rechtliche Hinweise S\u00e4mtliche Texte, Dokumente, Grafiken, Bilder und Filme auf dieser Website sind urheberrechtlich gesch\u00fctzt. Eine allf\u00e4llige Weiterverwendung, Weiterverarbeitung, Wiederver\u00f6ffentlichung oder Vervielf\u00e4ltigung der Inhalte ohne vorherige schriftlicher Zustimmung ist nicht gestattet. Eine Haftung f\u00fcr die Richtigkeit der Inhalte kann trotz sorgf\u00e4ltiger Pr\u00fcfung nicht \u00fcbernommen werden. Bildrechte: Datenschutz Webseite Wir bem\u00fchen uns die Datenbanken so gut wie m\u00f6glich vor fremden Zugriffen, Missbrauch F\u00e4lschung oder vor Verlust zu sch\u00fctzen. Gest\u00fctzt auf Artikel 13 der schweizerischen Bundesverfassung und die datenschutzrechtlichen Bestimmungen des Bundes hat jede Person Anspruch auf Schutz ihrer Privatsph\u00e4re sowie auf Schutz vor Missbrauch ihrer pers\u00f6nlichen Daten. Wir halten diese Bestimmungen ein. Pers\u00f6nliche Daten werden streng vertraulich behandelt und weder weiter gegeben noch an Dritte verkauft. Beim Zugriff auf unsere Webseiten werden folgende Daten in Logfiles gespeichert: IP-Adresse der Gegenseite, Datum, Uhrzeit, Genaue Adresse der aufgerufenen Seite (URI), Ausgangspunkt (Referrer), Verwendete Software (Web-Browser und Betriebssystem) auf der Gegenseite, \u00dcbertragene Datenmenge und\/oder Fehlercode, Information zur Transportverschl\u00fcsselung. Diese Nutzungsdaten bilden die Basis f\u00fcr statistische, anonyme Auswertungen, so dass Trends erkennbar sind, anhand derer wir unsere Angebote entsprechend verbessern k\u00f6nnen.\u00a0 Die personenbezogenen Daten der betroffenen Person werden gel\u00f6scht oder gesperrt, sobald der Zweck f\u00fcr die Speicherung entf\u00e4llt. Datenschutz Kontakt per E-Mail Folgende Daten erheben und verarbeiten wir beim Versand und Empfang von E-Mails:\u2022 Datum und Uhrzeit\u2022 Absender- und Empf\u00e4nger-Adresse(n)\u2022 IP-Adresse der Gegenstelle\u2022 ggf. Verwendete Software bei der Gegenstelle\u2022 ggf. Authentifizierungsmerkmale (z.B. Benutzername) \u2022 Information zur Transportverschl\u00fcsselung\u2022 Bewertung des Viren- und Spam-Filters<\/p>\n","protected":false},"author":2,"featured_media":0,"parent":0,"menu_order":0,"comment_status":"closed","ping_status":"closed","template":"","meta":{"footnotes":""},"class_list":["post-432","page","type-page","status-publish","hentry"],"acf":[],"jetpack_sharing_enabled":true,"_links":{"self":[{"href":"https:\/\/www.gioia-podologie.ch\/index.php\/wp-json\/wp\/v2\/pages\/432","targetHints":{"allow":["GET"]}}],"collection":[{"href":"https:\/\/www.gioia-podologie.ch\/index.php\/wp-json\/wp\/v2\/pages"}],"about":[{"href":"https:\/\/www.gioia-podologie.ch\/index.php\/wp-json\/wp\/v2\/types\/page"}],"author":[{"embeddable":true,"href":"https:\/\/www.gioia-podologie.ch\/index.php\/wp-json\/wp\/v2\/users\/2"}],"replies":[{"embeddable":true,"href":"https:\/\/www.gioia-podologie.ch\/index.php\/wp-json\/wp\/v2\/comments?post=432"}],"version-history":[{"count":9,"href":"https:\/\/www.gioia-podologie.ch\/index.php\/wp-json\/wp\/v2\/pages\/432\/revisions"}],"predecessor-version":[{"id":1044,"href":"https:\/\/www.gioia-podologie.ch\/index.php\/wp-json\/wp\/v2\/pages\/432\/revisions\/1044"}],"wp:attachment":[{"href":"https:\/\/www.gioia-podologie.ch\/index.php\/wp-json\/wp\/v2\/media?parent=432"}],"curies":[{"name":"wp","href":"https:\/\/api.w.org\/{rel}","templated":true}]}}