{"id":56,"date":"2020-08-27T09:36:34","date_gmt":"2020-08-27T09:36:34","guid":{"rendered":"https:\/\/www.gioia-podologie.ch\/?page_id=56"},"modified":"2026-03-30T11:19:18","modified_gmt":"2026-03-30T09:19:18","slug":"covid-19-informationen","status":"publish","type":"page","link":"https:\/\/www.gioia-podologie.ch\/","title":{"rendered":"Herzlich Willkommen bei Gioia-Podologie Simione"},"content":{"rendered":"\n<p class=\"has-text-align-center\">Mein Ziel ist es, gemeinsam mit Ihnen den besten Weg f\u00fcr das Wohlergehen ihrer F\u00fcsse zu finden.<br><mark style=\"background-color:rgba(0, 0, 0, 0)\" class=\"has-inline-color has-black-color\"> <\/mark><br><mark style=\"background-color:rgba(0, 0, 0, 0)\" class=\"has-inline-color has-black-color\">Als Dipl. Podologin HF bin ich ausserdem spezialisiert f\u00fcr die Behandlung von Diabetiker und Risikopatienten.<\/mark><br>In Uster biete ich Ihnen eine professionelle, podologische Behandlung mit kompetenter Beratung an.<\/p>\n\n\n\n<p class=\"has-text-align-center\">Bei Fragen d\u00fcrfen Sie mich gerne per E-Mail kontaktieren.<br><a href=\"mailto:info@gioia-podologie.ch\">info@gioia-podologie.ch<\/a><br><br><\/p>\n\n\n<p style=\"text-align: center;\"><strong><span class=\"has-inline-color\" data-rich-text-format-boundary=\"true\"><a href=\"https:\/\/www.podologie.swiss\" target=\"_blank\" rel=\"https:\/\/www.podologie.swiss noopener noreferrer\"><img loading=\"lazy\" decoding=\"async\" class=\"aligncenter wp-image-242 size-full\" src=\"https:\/\/www.gioia-podologie.ch\/wp-content\/uploads\/2020\/08\/logo-SPV.gif\" alt=\"\" width=\"87\" height=\"87\" srcset=\"https:\/\/www.gioia-podologie.ch\/wp-content\/uploads\/2020\/08\/logo-SPV.gif 87w, https:\/\/www.gioia-podologie.ch\/wp-content\/uploads\/2020\/08\/logo-SPV-75x75.gif 75w\" sizes=\"auto, (max-width: 87px) 100vw, 87px\" \/><\/a><\/span><\/strong><strong><span class=\"has-inline-color\" data-rich-text-format-boundary=\"true\"><span style=\"color: #0032a3;\">Mitglied SPV<br \/><\/span><\/span><\/strong><em><span class=\"has-inline-color\" data-rich-text-format-boundary=\"true\"><span style=\"color: #0032a3;\"><span style=\"color: #000000;\">Schweizerischer Podologen-Verband<\/span><\/span><\/span><\/em><\/p>\n\n\n<hr class=\"wp-block-separator has-text-color has-css-opacity has-background is-style-default\" style=\"background-color:#0032a3;color:#0032a3\"\/>\n\n\n\n<h4 class=\"wp-block-heading has-text-align-center has-text-color has-link-color wp-elements-4c31a4151b89e876425b086dec79c98f\" style=\"color:#800000;text-decoration:underline\">News<\/h4>\n\n\n\n<h4 class=\"wp-block-heading has-text-align-center has-text-color has-link-color wp-elements-5e506a36afaabbc9b054b375786eacf8\" style=\"color:#0032a3\"><em> <strong>Low-Level-Laser Therapie<\/strong><\/em><\/h4>\n\n\n<p><\/p>\n\n\n<p class=\"has-text-align-center\">Moderne Lichttherapie zur Unterst\u00fctzung der nat\u00fcrlichen Heilungsprozesse im Gewebe (Biostimulation).<\/p>\n\n\n\n<p class=\"has-text-align-center\">Eine Behandlung dauert in der Regel nur ca. 3 bis 15 Minuten, je nach Indikation.<br>F\u00fcr nachhaltige Ergebnisse wird eine individuell abgestimmte Behandlungsserie empfohlen.<\/p>\n\n\n\n<div style=\"height:17px\" aria-hidden=\"true\" class=\"wp-block-spacer\"><\/div>\n\n\n<p>\n<\/p>\n\n\n<div class=\"wp-block-columns is-layout-flex wp-container-core-columns-is-layout-9d6595d7 wp-block-columns-is-layout-flex\">\n<div class=\"wp-block-column is-layout-flow wp-block-column-is-layout-flow\" style=\"flex-basis:33.33%\">\n<p><strong>Anwendungsgebiete in der Podologie<\/strong><\/p>\n<\/div>\n\n\n\n<div class=\"wp-block-column is-layout-flow wp-block-column-is-layout-flow\" style=\"flex-basis:66.66%\">\n<ul class=\"wp-block-list\">\n<li>Entz\u00fcndeter Nagelfalz (Paronychie)<\/li>\n\n\n\n<li>Unterst\u00fctzung der Wundheilung&nbsp;<\/li>\n\n\n\n<li>Druckstellen und entz\u00fcndliche Hautreizungen<\/li>\n\n\n\n<li>Plantarfasziitis \/ Fersensporn<\/li>\n\n\n\n<li>Achillodynie<strong>&nbsp;<\/strong>\/&nbsp;Achillessehnenentz\u00fcndung<\/li>\n\n\n\n<li>Schmerzhafte \u00dcberlastungen von Sehnen und Faszien<\/li>\n\n\n\n<li>Diabetisches Fusssyndrom<\/li>\n\n\n\n<li>Periphere Polyneuropathie<\/li>\n<\/ul>\n<\/div>\n<\/div>\n\n\n<h6 style=\"text-align: left; padding-left: 400px;\"><strong><span style=\"color: #800000;\">Mehr<\/span> <a href=\"https:\/\/www.gioia-podologie.ch\/index.php\/low-level-laser-therapie\/\" target=\"_blank\" rel=\"noopener\">Informationen<\/a><\/strong><\/h6>\n\n\n<hr class=\"wp-block-separator has-text-color has-alpha-channel-opacity has-background\" style=\"background-color:#0032a3;color:#0032a3\"\/>\n\n\n<h4 style=\"text-align: center;\"><em><strong><span style=\"color: #0032a3;\">Leistungen Grundversicherung Krankenkasse<\/span><\/strong><\/em><\/h4>\n<p style=\"text-align: center;\">Ab September 2022 k\u00f6nnen podologische Leistungen bei Diabetikern mit Polyneuropathie direkt \u00fcber die Grundversicherung verg\u00fctet werden (leider bei Assura nicht m\u00f6glich). Sie ben\u00f6tigen dazu eine g\u00fcltige und korrekt ausgef\u00fcllte <a href=\"https:\/\/www.podologie.swiss\/wp-content\/uploads\/2021\/12\/verordnungsformular_podologie_d_2022.pdf\" target=\"_blank\" rel=\"noreferrer noopener\">Verordnung<\/a><a href=\"https:\/\/www.podologie.swiss\/wp-content\/uploads\/2021\/12\/verordnungsformular_podologie_d_2022.pdf\">\u00a0<\/a>vom Arzt und die Krankenkassenkarte.\u00a0<\/p>\n<p style=\"text-align: center;\">Wie in der Verordnung sichtbar werden je nach Diagnosen 4-6 Behandlungen pro Jahr von der Grundversicherung \u00fcbernommen.<\/p>\n<p style=\"text-align: center;\">Leider k\u00f6nnen Spezialbehandlungen wie Nagelspange, Teil-Nagel-Prothetik oder Zehen-Orthese nicht mit der Krankenkasse abgerechnet werden und m\u00fcssen selber bezahlt werden.<\/p>\n<p style=\"text-align: center;\"><strong><span style=\"color: #800080;\">Wenn uns bis zum Termin keine g\u00fcltige und korrekt ausgef\u00fcllte Verordnung vorliegt, m\u00fcssen die Behandlungskosten vom Klienten selber bezahlt werden!<\/span><\/strong><\/p>\n<p style=\"text-align: center;\"><span style=\"color: #800000;\"><span style=\"text-decoration: underline;\"><strong>F\u00fcr Arztpraxen<\/strong><\/span> welche sensible Daten (z.B. <a href=\"https:\/\/www.podologie.swiss\/wp-content\/uploads\/2021\/12\/verordnungsformular_podologie_d_2022.pdf\">Verordnung<\/a>) an mich \u00fcbermitteln m\u00f6chten bitte an: <\/span><\/p>\n<p style=\"text-align: center;\"><span style=\"color: #800000;\"><span style=\"color: #0485b0;\"><a style=\"color: #0485b0;\" href=\"mailto:allergie-haut@hin.ch\" target=\"_blank\" rel=\"noreferrer noopener\">allergie-haut@hin.ch<\/a> <\/span>Betreff: z.H. Frau Simione<\/span><\/p>\n\n\n<hr class=\"wp-block-separator has-text-color has-css-opacity has-background is-style-default\" style=\"background-color:#0032a3;color:#0032a3\"\/>\n\n\n<h4 id=\"terminvereinbarung-online-unter-https-booking-epat-ch-gioia-podologie-booking\" class=\"has-text-align-center\"><em><strong>F\u00fcr bestehende Kunden ist eine Terminvereinbarung Online m\u00f6glich unter:<\/strong><\/em><br \/><a href=\"https:\/\/booking.epat.ch\/gioia-podologie\/booking\">https:\/\/booking.epat.ch\/gioia-podologie\/booking<\/a><\/h4>\n\n\n<hr class=\"wp-block-separator has-text-color has-css-opacity has-background is-style-default\" style=\"background-color:#0032a3;color:#0032a3\"\/>\n\n\n<h4 style=\"text-align: center;\"><em><strong><span style=\"color: #0032a3;\">Corona Informationen! A<\/span><\/strong><strong><span style=\"color: #0032a3;\">b 26.06.2022<\/span><\/strong><\/em><\/h4>\n<\/p>\n<p style=\"text-align: center;\">Tragen Sie bitte weiterhin bei Symptomen eine&nbsp;<strong><span style=\"color: #0032a3;\">Maske.<\/span><\/strong><\/p>\n\n\n<p class=\"has-text-align-center\"><\/p>\n\n\n<\/p>\n<h4 style=\"text-align: center;\"><strong><span style=\"color: #0032a3;\"><em><span class=\"has-inline-color\" data-rich-text-format-boundary=\"true\">Besten<\/span><span class=\"has-inline-color\" data-rich-text-format-boundary=\"true\"> Da<\/span><span class=\"has-inline-color\" data-rich-text-format-boundary=\"true\">nk<\/span><span class=\"has-inline-color\" data-rich-text-format-boundary=\"true\">&nbsp;<\/span><\/em><\/span><\/strong><\/h4>\n\n\n<hr class=\"wp-block-separator has-text-color has-css-opacity has-background is-style-default\" style=\"background-color:#0032a3;color:#0032a3\"\/>\n","protected":false},"excerpt":{"rendered":"<p>Mein Ziel ist es, gemeinsam mit Ihnen den besten Weg f\u00fcr das Wohlergehen ihrer F\u00fcsse zu finden. Als Dipl. Podologin HF bin ich ausserdem spezialisiert f\u00fcr die Behandlung von Diabetiker und Risikopatienten.In Uster biete ich Ihnen eine professionelle, podologische Behandlung mit kompetenter Beratung an. Bei Fragen d\u00fcrfen Sie mich gerne per E-Mail kontaktieren.info@gioia-podologie.ch Mitglied SPVSchweizerischer Podologen-Verband News Low-Level-Laser Therapie Moderne Lichttherapie zur Unterst\u00fctzung der nat\u00fcrlichen Heilungsprozesse im Gewebe (Biostimulation). Eine Behandlung dauert in der Regel nur ca. 3 bis 15 Minuten, je nach Indikation.F\u00fcr nachhaltige Ergebnisse wird eine individuell abgestimmte Behandlungsserie empfohlen. Anwendungsgebiete in der Podologie Mehr Informationen Leistungen Grundversicherung Krankenkasse Ab September 2022 k\u00f6nnen podologische Leistungen bei Diabetikern mit Polyneuropathie direkt \u00fcber die Grundversicherung verg\u00fctet werden (leider bei Assura nicht m\u00f6glich). Sie ben\u00f6tigen dazu eine g\u00fcltige und korrekt ausgef\u00fcllte Verordnung\u00a0vom Arzt und die Krankenkassenkarte.\u00a0 Wie in der Verordnung sichtbar werden je nach Diagnosen 4-6 Behandlungen pro Jahr von der Grundversicherung \u00fcbernommen. Leider k\u00f6nnen Spezialbehandlungen wie Nagelspange, Teil-Nagel-Prothetik oder Zehen-Orthese nicht mit der Krankenkasse abgerechnet werden und m\u00fcssen selber bezahlt werden. Wenn uns bis zum Termin keine g\u00fcltige und korrekt ausgef\u00fcllte Verordnung vorliegt, m\u00fcssen die Behandlungskosten vom Klienten selber bezahlt werden! F\u00fcr Arztpraxen welche sensible Daten (z.B. Verordnung) an mich \u00fcbermitteln m\u00f6chten bitte an: allergie-haut@hin.ch Betreff: z.H. Frau Simione F\u00fcr bestehende Kunden ist eine Terminvereinbarung Online m\u00f6glich unter:https:\/\/booking.epat.ch\/gioia-podologie\/booking Corona Informationen! Ab 26.06.2022 Tragen Sie bitte weiterhin bei Symptomen eine&nbsp;Maske. Besten Dank&nbsp;<\/p>\n","protected":false},"author":2,"featured_media":0,"parent":0,"menu_order":0,"comment_status":"closed","ping_status":"closed","template":"","meta":{"footnotes":""},"class_list":["post-56","page","type-page","status-publish","hentry"],"acf":[],"jetpack_sharing_enabled":true,"_links":{"self":[{"href":"https:\/\/www.gioia-podologie.ch\/index.php\/wp-json\/wp\/v2\/pages\/56","targetHints":{"allow":["GET"]}}],"collection":[{"href":"https:\/\/www.gioia-podologie.ch\/index.php\/wp-json\/wp\/v2\/pages"}],"about":[{"href":"https:\/\/www.gioia-podologie.ch\/index.php\/wp-json\/wp\/v2\/types\/page"}],"author":[{"embeddable":true,"href":"https:\/\/www.gioia-podologie.ch\/index.php\/wp-json\/wp\/v2\/users\/2"}],"replies":[{"embeddable":true,"href":"https:\/\/www.gioia-podologie.ch\/index.php\/wp-json\/wp\/v2\/comments?post=56"}],"version-history":[{"count":183,"href":"https:\/\/www.gioia-podologie.ch\/index.php\/wp-json\/wp\/v2\/pages\/56\/revisions"}],"predecessor-version":[{"id":1136,"href":"https:\/\/www.gioia-podologie.ch\/index.php\/wp-json\/wp\/v2\/pages\/56\/revisions\/1136"}],"wp:attachment":[{"href":"https:\/\/www.gioia-podologie.ch\/index.php\/wp-json\/wp\/v2\/media?parent=56"}],"curies":[{"name":"wp","href":"https:\/\/api.w.org\/{rel}","templated":true}]}}